{"id":40,"date":"2023-06-12T08:39:22","date_gmt":"2023-06-12T06:39:22","guid":{"rendered":"https:\/\/rubentoja.es\/?page_id=40"},"modified":"2026-02-18T17:08:55","modified_gmt":"2026-02-18T16:08:55","slug":"accessibility-policy","status":"publish","type":"page","link":"https:\/\/antiamuino.com\/en\/politica-de-accesibilidad\/","title":{"rendered":"Accessibility Policy"},"content":{"rendered":"","protected":false},"excerpt":{"rendered":"","protected":false},"author":2,"featured_media":0,"parent":0,"menu_order":0,"comment_status":"closed","ping_status":"closed","template":"","meta":{"slim_seo":{"title":"Pol\u00edtica de Accesibilidad - Ant\u00eda Mu\u00ed\u00f1o","description":""},"footnotes":""},"class_list":["post-40","page","type-page","status-publish","hentry"],"_links":{"self":[{"href":"https:\/\/antiamuino.com\/en\/wp-json\/wp\/v2\/pages\/40","targetHints":{"allow":["GET"]}}],"collection":[{"href":"https:\/\/antiamuino.com\/en\/wp-json\/wp\/v2\/pages"}],"about":[{"href":"https:\/\/antiamuino.com\/en\/wp-json\/wp\/v2\/types\/page"}],"author":[{"embeddable":true,"href":"https:\/\/antiamuino.com\/en\/wp-json\/wp\/v2\/users\/2"}],"replies":[{"embeddable":true,"href":"https:\/\/antiamuino.com\/en\/wp-json\/wp\/v2\/comments?post=40"}],"version-history":[{"count":0,"href":"https:\/\/antiamuino.com\/en\/wp-json\/wp\/v2\/pages\/40\/revisions"}],"wp:attachment":[{"href":"https:\/\/antiamuino.com\/en\/wp-json\/wp\/v2\/media?parent=40"}],"curies":[{"name":"wp","href":"https:\/\/api.w.org\/{rel}","templated":true}]}}